{"id":950,"date":"2026-02-05T15:26:07","date_gmt":"2026-02-05T15:26:07","guid":{"rendered":"https:\/\/pellabez.com\/?post_type=product&#038;p=950"},"modified":"2026-04-14T10:58:19","modified_gmt":"2026-04-14T07:58:19","slug":"temizlik-bezi-8-li","status":"publish","type":"product","link":"https:\/\/pellabez.com\/en\/product\/8-pack-cleaning-cloths\/","title":{"rendered":"Pella 8-Piece Multi-Purpose General Cleaning Cloth, Microfiber Towel Cloth 30x30cm"},"content":{"rendered":"<p class=\"product-description-content\">&#8211; 8&#8217;li set halinde sunulan bu \u00e7ok ama\u00e7l\u0131 temizlik bezleri, evinizdeki \u00e7e\u015fitli y\u00fczeyleri kolayca temizlemenize olanak tan\u0131r.<\/p>\n<p class=\"product-description-content\">&#8211; Her biri 30&#215;30 cm boyutlar\u0131ndaki bu mikrofiber havlu bezler, geni\u015f kullan\u0131m alan\u0131 ve pratikli\u011fi ile dikkat \u00e7eker.<\/p>\n<p class=\"product-description-content\">&#8211; Geni\u015f y\u00fczey alanlar\u0131n\u0131 h\u0131zl\u0131 ve etkili bir \u015fekilde temizlemek i\u00e7in idealdir.<\/p>\n<p class=\"product-description-content\">&#8211; \u00c7ok ama\u00e7l\u0131 genel temizlik bezidir<\/p>\n<p class=\"product-description-content\">mutfak tezgahlar\u0131ndan banyo fayanslar\u0131na kadar her yerde kullan\u0131labilir.<\/p>\n<p class=\"product-description-content\">&#8211; Mikrofiber yap\u0131s\u0131 sayesinde toz ve kiri hapsederek daha az su ve deterjan kullanarak temizlik yapman\u0131z\u0131 sa\u011flar.<\/p>\n<p class=\"product-description-content\">&#8211; Bu bezler, tekrar tekrar kullan\u0131labilir ve uzun s\u00fcreli dayan\u0131kl\u0131l\u0131k sunar<\/p>\n<p class=\"product-description-content\">b\u00f6ylece \u00e7evreye duyarl\u0131 bir temizlik deneyimi ya\u015fat\u0131r.<\/p>","protected":false},"excerpt":{"rendered":"<p>&#8211; 8&#8217;li set halinde sunulan bu \u00e7ok ama\u00e7l\u0131 temizlik bezleri, evinizdeki \u00e7e\u015fitli y\u00fczeyleri kolayca temizlemenize olanak tan\u0131r.<\/p>","protected":false},"featured_media":942,"comment_status":"open","ping_status":"closed","template":"","meta":{"_joinchat":[]},"product_brand":[120],"product_cat":[113],"product_tag":[],"class_list":{"0":"post-950","1":"product","2":"type-product","3":"status-publish","4":"has-post-thumbnail","6":"product_brand-pella","7":"product_cat-temizlik-urunleri","9":"first","10":"instock","11":"shipping-taxable","12":"product-type-simple"},"_links":{"self":[{"href":"https:\/\/pellabez.com\/en\/wp-json\/wp\/v2\/product\/950","targetHints":{"allow":["GET"]}}],"collection":[{"href":"https:\/\/pellabez.com\/en\/wp-json\/wp\/v2\/product"}],"about":[{"href":"https:\/\/pellabez.com\/en\/wp-json\/wp\/v2\/types\/product"}],"replies":[{"embeddable":true,"href":"https:\/\/pellabez.com\/en\/wp-json\/wp\/v2\/comments?post=950"}],"wp:featuredmedia":[{"embeddable":true,"href":"https:\/\/pellabez.com\/en\/wp-json\/wp\/v2\/media\/942"}],"wp:attachment":[{"href":"https:\/\/pellabez.com\/en\/wp-json\/wp\/v2\/media?parent=950"}],"wp:term":[{"taxonomy":"product_brand","embeddable":true,"href":"https:\/\/pellabez.com\/en\/wp-json\/wp\/v2\/product_brand?post=950"},{"taxonomy":"product_cat","embeddable":true,"href":"https:\/\/pellabez.com\/en\/wp-json\/wp\/v2\/product_cat?post=950"},{"taxonomy":"product_tag","embeddable":true,"href":"https:\/\/pellabez.com\/en\/wp-json\/wp\/v2\/product_tag?post=950"}],"curies":[{"name":"wp","href":"https:\/\/api.w.org\/{rel}","templated":true}]}}