{"id":823,"date":"2026-02-05T15:21:59","date_gmt":"2026-02-05T15:21:59","guid":{"rendered":"https:\/\/pellabez.com\/?post_type=product&#038;p=823"},"modified":"2026-04-14T11:57:57","modified_gmt":"2026-04-14T08:57:57","slug":"hijyen-mendili","status":"publish","type":"product","link":"https:\/\/pellabez.com\/en\/product\/hijyen-mendili\/","title":{"rendered":"Pella Surface Cleaning Towel, Multipurpose Cleaning Wipe, Mop Cloth, 50 Sheets 22\u00d736 Cm"},"content":{"rendered":"<p class=\"product-description-content\">&#8211; Pratik kullan\u0131m sunan y\u00fczey temizlik havlular\u0131, evdeki her t\u00fcrl\u00fc y\u00fczeyi kolayca temizlemenize olanak tan\u0131r.<\/p>\n<p class=\"product-description-content\">&#8211; \u00c7ok ama\u00e7l\u0131 tasar\u0131m\u0131 sayesinde mutfaktan banyoya kadar geni\u015f bir kullan\u0131m alan\u0131na sahiptir<\/p>\n<p class=\"product-description-content\">pratikli\u011fiyle zamandan tasarruf etmenizi sa\u011flar.<\/p>\n<p class=\"product-description-content\">&#8211; 22&#215;36 cm boyutlar\u0131ndaki bu havlular, k\u00fc\u00e7\u00fck alanlar\u0131 h\u0131zl\u0131ca temizlemek i\u00e7in idealdir ve s\u0131k s\u0131k de\u011fi\u015ftirme ihtiyac\u0131n\u0131 azalt\u0131r.<\/p>\n<p class=\"product-description-content\">&#8211; 50 yaprakl\u0131 paket i\u00e7eri\u011fi ile uzun s\u00fcreli kullan\u0131m imkan\u0131 sunar<\/p>\n<p class=\"product-description-content\">b\u00f6ylece s\u00fcrekli olarak yeni mendil arama derdinden kurtulursunuz.<\/p>\n<p class=\"product-description-content\">&#8211; Promosyon paketi avantaj\u0131yla ekonomik bir se\u00e7enek olarak kar\u015f\u0131n\u0131za \u00e7\u0131kar<\/p>\n<p class=\"product-description-content\">hem kaliteli hem de temizlik \u00e7\u00f6z\u00fcmlerine eri\u015fiminizi art\u0131r\u0131r.<\/p>","protected":false},"excerpt":{"rendered":"<p class=\"product-description-content\">&#8211; Pratik kullan\u0131m sunan y\u00fczey temizlik havlular\u0131, evdeki her t\u00fcrl\u00fc y\u00fczeyi kolayca temizlemenize olanak tan\u0131r.<\/p>\n<p class=\"product-description-content\">&#8211; \u00c7ok ama\u00e7l\u0131 tasar\u0131m\u0131 sayesinde mutfaktan banyoya kadar geni\u015f bir kullan\u0131m alan\u0131na sahiptir<\/p>\n<p class=\"product-description-content\">pratikli\u011fiyle zamandan tasarruf etmenizi sa\u011flar.<\/p>","protected":false},"featured_media":37438,"comment_status":"open","ping_status":"closed","template":"","meta":{"_joinchat":[]},"product_brand":[120],"product_cat":[113],"product_tag":[],"class_list":{"0":"post-823","1":"product","2":"type-product","3":"status-publish","4":"has-post-thumbnail","6":"product_brand-pella","7":"product_cat-temizlik-urunleri","9":"first","10":"instock","11":"shipping-taxable","12":"product-type-simple"},"_links":{"self":[{"href":"https:\/\/pellabez.com\/en\/wp-json\/wp\/v2\/product\/823","targetHints":{"allow":["GET"]}}],"collection":[{"href":"https:\/\/pellabez.com\/en\/wp-json\/wp\/v2\/product"}],"about":[{"href":"https:\/\/pellabez.com\/en\/wp-json\/wp\/v2\/types\/product"}],"replies":[{"embeddable":true,"href":"https:\/\/pellabez.com\/en\/wp-json\/wp\/v2\/comments?post=823"}],"wp:featuredmedia":[{"embeddable":true,"href":"https:\/\/pellabez.com\/en\/wp-json\/wp\/v2\/media\/37438"}],"wp:attachment":[{"href":"https:\/\/pellabez.com\/en\/wp-json\/wp\/v2\/media?parent=823"}],"wp:term":[{"taxonomy":"product_brand","embeddable":true,"href":"https:\/\/pellabez.com\/en\/wp-json\/wp\/v2\/product_brand?post=823"},{"taxonomy":"product_cat","embeddable":true,"href":"https:\/\/pellabez.com\/en\/wp-json\/wp\/v2\/product_cat?post=823"},{"taxonomy":"product_tag","embeddable":true,"href":"https:\/\/pellabez.com\/en\/wp-json\/wp\/v2\/product_tag?post=823"}],"curies":[{"name":"wp","href":"https:\/\/api.w.org\/{rel}","templated":true}]}}