{"id":1018,"date":"2026-02-05T15:28:14","date_gmt":"2026-02-05T15:28:14","guid":{"rendered":"https:\/\/pellabez.com\/?post_type=product&#038;p=1018"},"modified":"2026-04-11T10:31:06","modified_gmt":"2026-04-11T07:31:06","slug":"celik-cirpici","status":"publish","type":"product","link":"https:\/\/pellabez.com\/en\/product\/steel-whisk\/","title":{"rendered":"Pella Stainless Steel Durable Hand Whisk (1 piece)"},"content":{"rendered":"<div>\n<div>\n<div>\n<div>\n<div>\n<div>\n<div>\n<div>\n<div>\n<div>Offering practical and effective solutions in the kitchen.\u00a0<b>steel whisk<\/b>, Thanks to its durable stainless steel material, it does not rust and ensures healthy use. The ergonomic handle design prevents slipping, making whisking more comfortable. It can be easily used in many areas such as whisking eggs, preparing cream, mixing cake and pancake batter, and whisking sauces and soups. Thanks to its easy-to-clean structure, it can be washed by hand or in the dishwasher. With its long-lasting, robust and stylish design, it will be one of the indispensable helpers in your kitchen.<\/div>\n<\/div>\n<\/div>\n<\/div>\n<\/div>\n<\/div>\n<\/div>\n<\/div>\n<\/div>\n<\/div>\n<div>\n<hr \/>\n<p>\u2705 Product Features<\/p>\n<\/div>\n<div>\u2714\ufe0f Stainless steel material<\/div>\n<div>\u2714\ufe0f Durable and long-lasting<\/div>\n<div>\u2714\ufe0f Ergonomic and lightweight design<\/div>\n<div>\u2714\ufe0f Easy to clean<\/div>\n<div>\u2714\ufe0f Dishwasher safe<\/div>\n<div>\u2714\ufe0f Suitable for home and professional kitchen use.<\/div>\n<div>\n<hr \/>\n<p>\ud83d\udcd0 Technical Information<\/p>\n<\/div>\n<div><b>Material:<\/b>\u00a0Stainless steel<\/div>\n<div><b>Area of Use:<\/b>\u00a0Eggs, cream, sauce, whisk, etc.<\/div>\n<div><b>Colour:<\/b>\u00a0Silver<\/div>\n<div><b>Number of Pieces:<\/b>\u00a01 piece<\/div>","protected":false},"excerpt":{"rendered":"<p>Offering practical and effective solutions in the kitchen.\u00a0<b>steel whisk<\/b>, dayan\u0131kl\u0131 paslanmaz \u00e7elik malzemesi sayesinde paslanma yapmaz ve sa\u011fl\u0131kl\u0131 kullan\u0131m sa\u011flar.<\/p>","protected":false},"featured_media":1014,"comment_status":"open","ping_status":"closed","template":"","meta":{"_joinchat":[]},"product_brand":[120],"product_cat":[114],"product_tag":[],"class_list":{"0":"post-1018","1":"product","2":"type-product","3":"status-publish","4":"has-post-thumbnail","6":"product_brand-pella","7":"product_cat-mutfak-gerecleri","9":"first","10":"instock","11":"shipping-taxable","12":"product-type-simple"},"_links":{"self":[{"href":"https:\/\/pellabez.com\/en\/wp-json\/wp\/v2\/product\/1018","targetHints":{"allow":["GET"]}}],"collection":[{"href":"https:\/\/pellabez.com\/en\/wp-json\/wp\/v2\/product"}],"about":[{"href":"https:\/\/pellabez.com\/en\/wp-json\/wp\/v2\/types\/product"}],"replies":[{"embeddable":true,"href":"https:\/\/pellabez.com\/en\/wp-json\/wp\/v2\/comments?post=1018"}],"wp:featuredmedia":[{"embeddable":true,"href":"https:\/\/pellabez.com\/en\/wp-json\/wp\/v2\/media\/1014"}],"wp:attachment":[{"href":"https:\/\/pellabez.com\/en\/wp-json\/wp\/v2\/media?parent=1018"}],"wp:term":[{"taxonomy":"product_brand","embeddable":true,"href":"https:\/\/pellabez.com\/en\/wp-json\/wp\/v2\/product_brand?post=1018"},{"taxonomy":"product_cat","embeddable":true,"href":"https:\/\/pellabez.com\/en\/wp-json\/wp\/v2\/product_cat?post=1018"},{"taxonomy":"product_tag","embeddable":true,"href":"https:\/\/pellabez.com\/en\/wp-json\/wp\/v2\/product_tag?post=1018"}],"curies":[{"name":"wp","href":"https:\/\/api.w.org\/{rel}","templated":true}]}}