{"id":701,"date":"2025-10-22T11:53:23","date_gmt":"2025-10-22T11:53:23","guid":{"rendered":"https:\/\/dummy.xtemos.com\/woodmart2\/christmas-2-gutenberg\/?page_id=173"},"modified":"2026-02-23T13:54:07","modified_gmt":"2026-02-23T10:54:07","slug":"contact-us","status":"publish","type":"page","link":"https:\/\/pellabez.com\/en\/contact-us\/","title":{"rendered":"Contact us"},"content":{"rendered":"\n<div id=\"wd-45fa9272\" class=\"wp-block-wd-section\">\n<div id=\"wd-b617b667\" class=\"wp-block-wd-row\">\n<div id=\"wd-3632fe37\" class=\"wp-block-wd-column color-scheme-dark\">\t\t\t<div\n\t\t\t\t\t\tid=\"wd-88742de9\"\n\t\t\t\t\t\tclass=\"wd-el-breadcrumbs\">\n\t\t\t\t<nav class=\"wd-breadcrumbs\"><a href=\"https:\/\/pellabez.com\/en\/\">Home<\/a><span class=\"wd-delimiter\"><\/span><span class=\"wd-last\">Page<\/span><\/nav>\t\t\t<\/div>   \n\t\t\n\n\n<h2 id=\"wd-23315e8f\" class=\"wp-block-wd-title title\">Size her zaman yard\u0131mc\u0131 olmaya ve sorular\u0131n\u0131z\u0131 yan\u0131tlamaya haz\u0131r\u0131z.<\/h2>\n\n\n\n<p id=\"wd-39318502\" class=\"wp-block-wd-paragraph wd-custom-width\">Al\u0131\u015fveri\u015f deneyiminizi keyifli ve ne\u015feli hale getirmek i\u00e7in her zaman yard\u0131mc\u0131 olmaktan mutluluk duyar\u0131z.<\/p>\n\n\n\n<div id=\"wd-f9b6fdf4\" class=\"wp-block-wd-row\">\n<div id=\"wd-b1349e44\" class=\"wp-block-wd-column\">\n<h2 id=\"wd-2b000797\" class=\"wp-block-wd-title title\">Ofis Konumu<\/h2>\n\n\n\n<p id=\"wd-d43a459e\" class=\"wp-block-wd-paragraph\"><\/p>\n\n\n\n<p id=\"wd-5096cfdf\" class=\"wp-block-wd-paragraph\">Kayseri \u2013 T\u00fcrkiye \u00dcretim ve Operasyon Merkezi<\/p>\n\n\n\n<p id=\"wd-fdbd4c42\" class=\"wp-block-wd-paragraph\">Yozgat \u2013 T\u00fcrkiye \u00dcretim Tesisi<\/p>\n\n\n\n<p>\u0130svi\u00e7re \u2013 Avrupa Operasyon Ofisi (Geueness)<\/p>\n<\/div>\n\n\n\n<div id=\"wd-c966924e\" class=\"wp-block-wd-column\">\n<h2 id=\"wd-d743e560\" class=\"wp-block-wd-title title\">\u00c7a\u011fr\u0131 Merkezi<\/h2>\n\n\n\n<ul id=\"wd-359525f3\" class=\"wp-block-wd-list wd-list wd-type-without\">\n<li id=\"wd-cd2021ad\" class=\"wp-block-wd-list-item\"><span class=\"wd-list-content\">Avrupa : +41 76 344 66 38<\/span><\/li>\n\n\n\n<li id=\"wd-21510810\" class=\"wp-block-wd-list-item\"><span class=\"wd-list-content\">T\u00fcrkiye: +90 501 157 02 66<\/span><\/li>\n<\/ul>\n<\/div>\n<\/div>\n\n\n\n<div id=\"wd-b7e767bb\" class=\"wp-block-wd-row\">\n<div id=\"wd-a23cf0a7\" class=\"wp-block-wd-column\">\n<h2 id=\"wd-8e157498\" class=\"wp-block-wd-title title\">E-posta<\/h2>\n\n\n\n<p id=\"wd-4367d00b\" class=\"wp-block-wd-paragraph\">\u0131nfo@pellabez.com<\/p>\n<\/div>\n\n\n\n<div id=\"wd-d48abfdd\" class=\"wp-block-wd-column\">\n<h2 id=\"wd-9ebfa00d\" class=\"wp-block-wd-title title\">Sosyal Ba\u011flant\u0131lar<\/h2>\n\n\n\t\t\t<div\n\t\t\t\t\t\tid=\"wd-70518eb2\"\n\t\t\t\t\t\tclass=\" wd-social-icons wd-style-colored wd-size-default social-follow wd-shape-circle\">\n\t\t\t\t\n\t\t\t\t\n\t\t\t\t\t\t\t\t\t<a rel=\"noopener noreferrer nofollow\" href=\"https:\/\/www.facebook.com\/profile.php?id=61578552996424\" target=\"_blank\" class=\" wd-social-icon social-facebook\" aria-label=\"Facebook social link\">\n\t\t\t\t\t\t<span class=\"wd-icon\"><\/span>\n\t\t\t\t\t\t\t\t\t\t\t<\/a>\n\t\t\t\t\n\t\t\t\t\t\t\t\t\t<a rel=\"noopener noreferrer nofollow\" href=\"#\" target=\"_blank\" class=\" wd-social-icon social-twitter\" aria-label=\"X social link\">\n\t\t\t\t\t\t<span class=\"wd-icon\"><\/span>\n\t\t\t\t\t\t\t\t\t\t\t<\/a>\n\t\t\t\t\n\t\t\t\t\n\t\t\t\t\n\t\t\t\t\t\t\t\t\t<a rel=\"noopener noreferrer nofollow\" href=\"https:\/\/www.instagram.com\/pellabezcom\/\" target=\"_blank\" class=\" wd-social-icon social-instagram\" aria-label=\"Instagram social link\">\n\t\t\t\t\t\t<span class=\"wd-icon\"><\/span>\n\t\t\t\t\t\t\t\t\t\t\t<\/a>\n\t\t\t\t\n\t\t\t\t\n\t\t\t\t\t\t\t\t\t<a rel=\"noopener noreferrer nofollow\" href=\"#\" target=\"_blank\" class=\" wd-social-icon social-youtube\" aria-label=\"YouTube social link\">\n\t\t\t\t\t\t<span class=\"wd-icon\"><\/span>\n\t\t\t\t\t\t\t\t\t\t\t<\/a>\n\t\t\t\t\n\t\t\t\t\n\t\t\t\t\n\t\t\t\t\n\t\t\t\t\n\t\t\t\t\n\t\t\t\t\n\t\t\t\t\n\t\t\t\t\n\t\t\t\t\n\t\t\t\t\n\t\t\t\t\n\t\t\t\t\n\t\t\t\t\n\t\t\t\t\n\t\t\t\t\n\t\t\t\t\n\t\t\t\t\n\t\t\t\t\n\t\t\t\t\n\t\t\t<\/div>\n\n\t\t<\/div>\n<\/div>\n\n\n\n<div id=\"wd-d761af80\" class=\"wp-block-wd-open-street-map wd-map-container wd-osm-map-container\"><div id=\"wd-osm-map-d761af80-c6f5-447a-a4aa-9c988d9012e7\" class=\"wd-osm-map-wrapper wd-map-wrapper\" data-settings=\"{&quot;zoom&quot;:14,&quot;scrollWheelZoom&quot;:&quot;no&quot;,&quot;zoomControl&quot;:&quot;yes&quot;,&quot;dragging&quot;:&quot;yes&quot;,&quot;init_type&quot;:&quot;page_load&quot;,&quot;init_offset&quot;:100,&quot;geoapify_tile&quot;:&quot;osm-carto&quot;,&quot;center&quot;:&quot;51.50735000000001,-0.12776&quot;,&quot;markers&quot;:[{&quot;lat&quot;:&quot;51.50735&quot;,&quot;lng&quot;:&quot;-0.12776&quot;,&quot;marker&quot;:{&quot;image&quot;:&quot;https:\/\/pellabez.com\/wp-content\/themes\/woodmart8\/images\/icons\/marker-icon.png&quot;,&quot;image_size&quot;:[25,41],&quot;marker_behavior&quot;:&quot;popup&quot;,&quot;show_button&quot;:&quot;no&quot;}}]}\"><\/div><\/div>\n<\/div>\n\n\n\n<div id=\"wd-9a5636a4\" class=\"wp-block-wd-column wd-sticky-on-lg\">\n<div id=\"wd-0b5e4ed2\" class=\"wp-block-wd-container wd-dir-col\">\n<h2 id=\"wd-398d9596\" class=\"wp-block-wd-title title\">\u0130leti\u015fime Ge\u00e7in<\/h2>\n\n\n\n<p id=\"wd-9131d790\" class=\"wp-block-wd-paragraph\">Al\u0131\u015fveri\u015f deneyiminizi keyifli ve ne\u015feli hale getirmek i\u00e7in her zaman yard\u0131mc\u0131 olmaktan mutluluk duyar\u0131z.<\/p>\n\n\n<div id=\"wd-fb438406\" class=\"\">\n<div class=\"wpcf7 no-js\" id=\"wpcf7-f199-o1\" lang=\"en-US\" dir=\"ltr\" data-wpcf7-id=\"199\">\n<div class=\"screen-reader-response\"><p role=\"status\" aria-live=\"polite\" aria-atomic=\"true\"><\/p> <ul><\/ul><\/div>\n<form action=\"\/en\/wp-json\/wp\/v2\/pages\/701#wpcf7-f199-o1\" method=\"post\" class=\"wpcf7-form init\" aria-label=\"Contact form\" novalidate=\"novalidate\" data-status=\"init\">\n<fieldset class=\"hidden-fields-container\"><input type=\"hidden\" name=\"_wpcf7\" value=\"199\" \/><input type=\"hidden\" name=\"_wpcf7_version\" value=\"6.1.5\" \/><input type=\"hidden\" name=\"_wpcf7_locale\" value=\"en_US\" \/><input type=\"hidden\" name=\"_wpcf7_unit_tag\" value=\"wpcf7-f199-o1\" \/><input type=\"hidden\" name=\"_wpcf7_container_post\" value=\"0\" \/><input type=\"hidden\" name=\"_wpcf7_posted_data_hash\" value=\"\" \/>\n<\/fieldset>\n<div class=\"wd-grid-g\">\n\t<p class=\"wd-col\"><span class=\"wpcf7-form-control-wrap\" data-name=\"Name\"><input size=\"40\" maxlength=\"400\" class=\"wpcf7-form-control wpcf7-text wpcf7-validates-as-required\" aria-required=\"true\" aria-invalid=\"false\" placeholder=\"Ad\u0131n\u0131z\" value=\"\" type=\"text\" name=\"Name\" \/><\/span>\n\t<\/p>\n\t<p class=\"wd-col\"><span class=\"wpcf7-form-control-wrap\" data-name=\"Email\"><input size=\"40\" maxlength=\"400\" class=\"wpcf7-form-control wpcf7-text wpcf7-validates-as-required\" aria-required=\"true\" aria-invalid=\"false\" placeholder=\"E-posta\" value=\"\" type=\"text\" name=\"Email\" \/><\/span>\n\t<\/p>\n\t<p class=\"wd-col\"><span class=\"wpcf7-form-control-wrap\" data-name=\"Phone\"><input size=\"40\" maxlength=\"400\" class=\"wpcf7-form-control wpcf7-text wpcf7-validates-as-required\" aria-required=\"true\" aria-invalid=\"false\" placeholder=\"Telefon Numaras\u0131\" value=\"\" type=\"text\" name=\"Phone\" \/><\/span>\n\t<\/p>\n\t<p class=\"wd-col\"><span class=\"wpcf7-form-control-wrap\" data-name=\"your-message\"><textarea cols=\"40\" rows=\"10\" maxlength=\"2000\" class=\"wpcf7-form-control wpcf7-textarea\" aria-invalid=\"false\" placeholder=\"Mesaj\u0131n\u0131z\" name=\"your-message\"><\/textarea><\/span>\n\t<\/p>\n\t<p class=\"wd-col\"><input class=\"wpcf7-form-control wpcf7-submit has-spinner btn btn-color-primary\" type=\"submit\" value=\"Mesaj G\u00f6nder\" \/>\n\t<\/p>\n<\/div><div class=\"wpcf7-response-output\" aria-hidden=\"true\"><\/div>\n<\/form>\n<\/div>\n<\/div><\/div>\n<\/div>\n<\/div>\n<\/div>\n\n\n\n<p><\/p>\n","protected":false},"excerpt":{"rendered":"","protected":false},"author":1,"featured_media":0,"parent":0,"menu_order":0,"comment_status":"closed","ping_status":"closed","template":"","meta":{"_joinchat":[],"footnotes":""},"class_list":["post-701","page","type-page","status-publish","hentry"],"_links":{"self":[{"href":"https:\/\/pellabez.com\/en\/wp-json\/wp\/v2\/pages\/701","targetHints":{"allow":["GET"]}}],"collection":[{"href":"https:\/\/pellabez.com\/en\/wp-json\/wp\/v2\/pages"}],"about":[{"href":"https:\/\/pellabez.com\/en\/wp-json\/wp\/v2\/types\/page"}],"author":[{"embeddable":true,"href":"https:\/\/pellabez.com\/en\/wp-json\/wp\/v2\/users\/1"}],"replies":[{"embeddable":true,"href":"https:\/\/pellabez.com\/en\/wp-json\/wp\/v2\/comments?post=701"}],"version-history":[{"count":6,"href":"https:\/\/pellabez.com\/en\/wp-json\/wp\/v2\/pages\/701\/revisions"}],"predecessor-version":[{"id":37196,"href":"https:\/\/pellabez.com\/en\/wp-json\/wp\/v2\/pages\/701\/revisions\/37196"}],"wp:attachment":[{"href":"https:\/\/pellabez.com\/en\/wp-json\/wp\/v2\/media?parent=701"}],"curies":[{"name":"wp","href":"https:\/\/api.w.org\/{rel}","templated":true}]}}